{"id":1105,"date":"2017-08-31T16:56:53","date_gmt":"2017-08-31T14:56:53","guid":{"rendered":"https:\/\/arendsplant.com\/over-ons\/"},"modified":"2024-02-26T14:05:02","modified_gmt":"2024-02-26T13:05:02","slug":"o-nas","status":"publish","type":"page","link":"https:\/\/arendsplant.com\/pl\/o-nas\/","title":{"rendered":"O nas"},"content":{"rendered":"<p style=\"text-align: left;\">Arends Plant to szk\u00f3\u0142ka alejek drzew po\u0142o\u017cona w regionie Betuwe. Misj\u0105 przedsi\u0119biorstwa jest dostarczanie drzew najwy\u017cszej jako\u015bci, zapewniaj\u0105c najlepsz\u0105 obs\u0142ug\u0119. Zadowolenie klienta jest priorytetem. Zgodnie z podej\u015bciem bez zb\u0119dnych ceregieli, codziennie podejmowane s\u0105 intensywne wysi\u0142ki. Albert Arends stoi na czele firmy po przej\u0119ciu jej od swojego ojca Jan. Jest pi\u0105tym pokoleniem rodziny zajmuj\u0105cej si\u0119 upraw\u0105 drzew.<\/p>\n<h3 style=\"text-align: left;\">Specjalizacja<\/h3>\n<p style=\"text-align: left;\">Arends Plant skupia si\u0119 na sprzeda\u017cy alejek drzew, kt\u00f3re zosta\u0142y przesadzone dwukrotnie lub trzykrotnie. Szk\u00f3\u0142ka drzew oferuje szerok\u0105 gam\u0119 r\u00f3\u017cnych odmian, kt\u00f3re s\u0105 rozmna\u017cane wewn\u0119trznie. Drzewa s\u0105 sprzedawane w r\u00f3\u017cnych rozmiarach i doskonale nadaj\u0105 si\u0119 do dalszej uprawy w pojemnikach lub w\u0142a\u015bnie w gruncie. W Arends Plant zdajemy sobie spraw\u0119, \u017ce istotne jest posiadanie odpowiedniej wysoko\u015bci pnia i w\u0142a\u015bciwej formy korony. W procesie uprawy po\u015bwi\u0119camy temu szczeg\u00f3ln\u0105 uwag\u0119.<\/p>\n<h3 style=\"text-align: left;\">Ekspertyza<\/h3>\n<p style=\"text-align: left;\">Arends Plant udoskonala alejki drzew na r\u00f3\u017cne sposoby, w 99% ca\u0142kowicie samodzielnie. Dzi\u0119ki samodzielnemu rozmna\u017caniu, udoskonalaniu i uprawie drzew od samego pocz\u0105tku, mamy pewno\u015b\u0107, \u017ce dostarczamy odpowiedni\u0105 jako\u015b\u0107. D\u0142ugoletni\u0105 ci\u0105g\u0142\u0105 kontrol\u0105, badaniami i dostosowaniami opracowali\u015bmy formu\u0142\u0119, kt\u00f3ra gwarantuje optymalny rozw\u00f3j zdrowego drzewa. Drzewa s\u0105 udoskonalane poprzez takie metody jak okulacja, sadzonki lub szczepienie. W asortymencie Arends Plant znajduj\u0105 si\u0119 r\u00f3wnie\u017c nasiona.<\/p>\n<h3 style=\"text-align: left;\">Innowacje<\/h3>\n<p style=\"text-align: left;\">Nast\u0119pnie m\u0142ode ro\u015bliny s\u0105 dalej uprawiane w systemie opartym na doniczce &#8222;airpot&#8221;, co pozwala im rozwija\u0107 pi\u0119kny system korzeniowy i dostarcza\u0107 im najlepszych sk\u0142adnik\u00f3w od\u017cywczych. System airpot to jedna z innowacyjnych technik, kt\u00f3re przyczyniaj\u0105 si\u0119 do uzyskania pi\u0119knie rozwini\u0119tego produktu ko\u0144cowego. Inn\u0105 form\u0105 innowacji stosowan\u0105 w firmie jest zastosowanie automatycznego systemu nawadniania kropelkowego przy drzewach rosn\u0105cych w pe\u0142nym gruncie. Te w\u0119\u017ce dostarczaj\u0105 wod\u0119 i sk\u0142adniki od\u017cywcze w odpowiednie miejsce, co r\u00f3wnie\u017c sprzyja tworzeniu silnego systemu korzeniowego u tych drzew.<\/p>\n","protected":false},"excerpt":{"rendered":"<p>Arends Plant to szk\u00f3\u0142ka alejek drzew po\u0142o\u017cona w regionie Betuwe. Misj\u0105 przedsi\u0119biorstwa jest dostarczanie drzew najwy\u017cszej jako\u015bci, zapewniaj\u0105c najlepsz\u0105 obs\u0142ug\u0119. Zadowolenie klienta jest priorytetem. Zgodnie z podej\u015bciem bez zb\u0119dnych ceregieli, codziennie podejmowane s\u0105 intensywne wysi\u0142ki. Albert Arends stoi na czele firmy po przej\u0119ciu jej od swojego ojca Jan. Jest pi\u0105tym pokoleniem rodziny zajmuj\u0105cej si\u0119 upraw\u0105 [&hellip;]<\/p>\n","protected":false},"author":2,"featured_media":0,"parent":0,"menu_order":30,"comment_status":"closed","ping_status":"closed","template":"over-ons.php","meta":{"_acf_changed":false,"footnotes":""},"class_list":["post-1105","page","type-page","status-publish","hentry"],"acf":[],"_links":{"self":[{"href":"https:\/\/arendsplant.com\/pl\/wp-json\/wp\/v2\/pages\/1105","targetHints":{"allow":["GET"]}}],"collection":[{"href":"https:\/\/arendsplant.com\/pl\/wp-json\/wp\/v2\/pages"}],"about":[{"href":"https:\/\/arendsplant.com\/pl\/wp-json\/wp\/v2\/types\/page"}],"author":[{"embeddable":true,"href":"https:\/\/arendsplant.com\/pl\/wp-json\/wp\/v2\/users\/2"}],"replies":[{"embeddable":true,"href":"https:\/\/arendsplant.com\/pl\/wp-json\/wp\/v2\/comments?post=1105"}],"version-history":[{"count":5,"href":"https:\/\/arendsplant.com\/pl\/wp-json\/wp\/v2\/pages\/1105\/revisions"}],"predecessor-version":[{"id":1267,"href":"https:\/\/arendsplant.com\/pl\/wp-json\/wp\/v2\/pages\/1105\/revisions\/1267"}],"wp:attachment":[{"href":"https:\/\/arendsplant.com\/pl\/wp-json\/wp\/v2\/media?parent=1105"}],"curies":[{"name":"wp","href":"https:\/\/api.w.org\/{rel}","templated":true}]}}