{"id":1104,"date":"2017-08-31T16:43:50","date_gmt":"2017-08-31T14:43:50","guid":{"rendered":"https:\/\/arendsplant.com\/fotos\/"},"modified":"2024-02-26T13:57:43","modified_gmt":"2024-02-26T12:57:43","slug":"szkolka-drzew","status":"publish","type":"page","link":"https:\/\/arendsplant.com\/pl\/szkolka-drzew\/","title":{"rendered":"Zdj\u0119cia z naszej szk\u00f3\u0142ki drzew"},"content":{"rendered":"<p>Mamy szeroki wyb\u00f3r drzew w naszej szk\u00f3\u0142ce. Serdecznie zapraszamy do ich zwiedzania. Tutaj znajdziesz ju\u017c pewne wra\u017cenia, aby\u015b m\u00f3g\u0142 sobie wyrobi\u0107 wst\u0119pne wyobra\u017cenie.<\/p>\n","protected":false},"excerpt":{"rendered":"<p>Mamy szeroki wyb\u00f3r drzew w naszej szk\u00f3\u0142ce. Serdecznie zapraszamy do ich zwiedzania. Tutaj znajdziesz ju\u017c pewne wra\u017cenia, aby\u015b m\u00f3g\u0142 sobie wyrobi\u0107 wst\u0119pne wyobra\u017cenie.<\/p>\n","protected":false},"author":2,"featured_media":0,"parent":0,"menu_order":20,"comment_status":"closed","ping_status":"closed","template":"fotos.php","meta":{"_acf_changed":false,"footnotes":""},"class_list":["post-1104","page","type-page","status-publish","hentry"],"acf":[],"_links":{"self":[{"href":"https:\/\/arendsplant.com\/pl\/wp-json\/wp\/v2\/pages\/1104","targetHints":{"allow":["GET"]}}],"collection":[{"href":"https:\/\/arendsplant.com\/pl\/wp-json\/wp\/v2\/pages"}],"about":[{"href":"https:\/\/arendsplant.com\/pl\/wp-json\/wp\/v2\/types\/page"}],"author":[{"embeddable":true,"href":"https:\/\/arendsplant.com\/pl\/wp-json\/wp\/v2\/users\/2"}],"replies":[{"embeddable":true,"href":"https:\/\/arendsplant.com\/pl\/wp-json\/wp\/v2\/comments?post=1104"}],"version-history":[{"count":2,"href":"https:\/\/arendsplant.com\/pl\/wp-json\/wp\/v2\/pages\/1104\/revisions"}],"predecessor-version":[{"id":1264,"href":"https:\/\/arendsplant.com\/pl\/wp-json\/wp\/v2\/pages\/1104\/revisions\/1264"}],"wp:attachment":[{"href":"https:\/\/arendsplant.com\/pl\/wp-json\/wp\/v2\/media?parent=1104"}],"curies":[{"name":"wp","href":"https:\/\/api.w.org\/{rel}","templated":true}]}}