{"id":1103,"date":"2017-08-31T15:59:56","date_gmt":"2017-08-31T13:59:56","guid":{"rendered":"https:\/\/arendsplant.com\/assortiment\/"},"modified":"2024-02-26T13:54:34","modified_gmt":"2024-02-26T12:54:34","slug":"asortyment","status":"publish","type":"page","link":"https:\/\/arendsplant.com\/pl\/asortyment\/","title":{"rendered":"Asortyment"},"content":{"rendered":"<p style=\"text-align: left;\">Arends Plant oferuje szeroki asortyment alejek drzew wysokiej jako\u015bci. Z wieloletnim do\u015bwiadczeniem w uprawie alejek drzew i hodowli r\u00f3\u017cnych gatunk\u00f3w, Arends Plant jest solidnym partnerem dla innych szk\u00f3\u0142ek drzew.<\/p>\n<p style=\"text-align: left;\">Nasze drzewa rosn\u0105 w r\u00f3\u017cnych rozmiarach od 6-8 do 16-18 i s\u0105 uprawiane z najwi\u0119ksz\u0105 mo\u017cliw\u0105 staranno\u015bci\u0105. Proces ten odbywa si\u0119 poprzez upraw\u0119 w gruncie oraz w pojemnikach, przy czym drzewa s\u0105 przesadzane mi\u0119dzy dwoma a trzema razy. Dzi\u0119ki temu stymulowany jest zdrowy wzrost i rozw\u00f3j, a drzewa staj\u0105 si\u0119 odporne na r\u00f3\u017cne warunki pogodowe.<\/p>\n<p style=\"text-align: left;\">W firmie Arends Plant mamy zawsze dost\u0119pne a\u017c 40 000 drzew. Dzi\u0119ki du\u017cej dost\u0119pno\u015bci jeste\u015bmy w stanie zaopatrywa\u0107 inne szk\u00f3\u0142ki drzew w najlepsze alejki drzew na ich projekty i sprzeda\u017c. Oferujemy r\u00f3\u017cne rodzaje i rozmiary, dzi\u0119ki czemu nasi klienci zawsze mog\u0105 znale\u017a\u0107 odpowiednie drzewa, spe\u0142niaj\u0105ce ich konkretne oczekiwania i wymagania.<\/p>\n","protected":false},"excerpt":{"rendered":"<p>Arends Plant oferuje szeroki asortyment alejek drzew wysokiej jako\u015bci. Z wieloletnim do\u015bwiadczeniem w uprawie alejek drzew i hodowli r\u00f3\u017cnych gatunk\u00f3w, Arends Plant jest solidnym partnerem dla innych szk\u00f3\u0142ek drzew. Nasze drzewa rosn\u0105 w r\u00f3\u017cnych rozmiarach od 6-8 do 16-18 i s\u0105 uprawiane z najwi\u0119ksz\u0105 mo\u017cliw\u0105 staranno\u015bci\u0105. Proces ten odbywa si\u0119 poprzez upraw\u0119 w gruncie oraz [&hellip;]<\/p>\n","protected":false},"author":2,"featured_media":0,"parent":0,"menu_order":10,"comment_status":"closed","ping_status":"closed","template":"assortiment.php","meta":{"_acf_changed":false,"footnotes":""},"class_list":["post-1103","page","type-page","status-publish","hentry"],"acf":[],"_links":{"self":[{"href":"https:\/\/arendsplant.com\/pl\/wp-json\/wp\/v2\/pages\/1103","targetHints":{"allow":["GET"]}}],"collection":[{"href":"https:\/\/arendsplant.com\/pl\/wp-json\/wp\/v2\/pages"}],"about":[{"href":"https:\/\/arendsplant.com\/pl\/wp-json\/wp\/v2\/types\/page"}],"author":[{"embeddable":true,"href":"https:\/\/arendsplant.com\/pl\/wp-json\/wp\/v2\/users\/2"}],"replies":[{"embeddable":true,"href":"https:\/\/arendsplant.com\/pl\/wp-json\/wp\/v2\/comments?post=1103"}],"version-history":[{"count":5,"href":"https:\/\/arendsplant.com\/pl\/wp-json\/wp\/v2\/pages\/1103\/revisions"}],"predecessor-version":[{"id":1263,"href":"https:\/\/arendsplant.com\/pl\/wp-json\/wp\/v2\/pages\/1103\/revisions\/1263"}],"wp:attachment":[{"href":"https:\/\/arendsplant.com\/pl\/wp-json\/wp\/v2\/media?parent=1103"}],"curies":[{"name":"wp","href":"https:\/\/api.w.org\/{rel}","templated":true}]}}