{"id":1102,"date":"2017-08-31T14:36:17","date_gmt":"2017-08-31T12:36:17","guid":{"rendered":"https:\/\/arendsplant.com\/home\/"},"modified":"2024-02-26T14:14:20","modified_gmt":"2024-02-26T13:14:20","slug":"home","status":"publish","type":"page","link":"https:\/\/arendsplant.com\/pl\/","title":{"rendered":"Home"},"content":{"rendered":"<p style=\"text-align: left;\">Aleje i drzewa ozdobne najwy\u017cszej jako\u015bci. Nie godzimy si\u0119 na mniej w przypadku handlu, sadzenia drzew lub tworzenia plan\u00f3w zieleni. Spe\u0142niamy Pa\u0144stwa \u017cyczenia, stosuj\u0105c unikaln\u0105 formu\u0142\u0119 sukcesu. Wiedza i do\u015bwiadczenie przekazywane z pokolenia na pokolenie tworz\u0105 solidne fundamenty. Po\u0142\u0105czenie z innowacyjnymi technikami gwarantuje wysok\u0105 jako\u015b\u0107. &#8222;Arends Plant sprzedaje swoje drzewa w Holandii i mi\u0119dzynarodowo.&#8221;<\/p>\n<p style=\"text-align: left;\">Ch\u0119tnie zapraszamy do zwiedzania naszych szk\u00f3\u0142ek. Serdecznie zapraszamy.<\/p>\n<h4 style=\"text-align: left;\">Nasza jako\u015b\u0107 jest monitorowana w ten spos\u00f3b:<\/h4>\n<ul>\n<li style=\"text-align: left;\">Przekazywanie wiedzy i umiej\u0119tno\u015bci pracownikom;<\/li>\n<li style=\"text-align: left;\">Uwaga na gleb\u0119 i sk\u0142adniki od\u017cywcze;<\/li>\n<li style=\"text-align: left;\">99% materia\u0142u ro\u015blinnego rozmna\u017camy samodzielnie;<\/li>\n<li style=\"text-align: left;\">Ci\u0105g\u0142e dostosowywanie podczas wzrostu i rozwoju drzew zgodnie z naszymi normami jako\u015bci;<\/li>\n<li style=\"text-align: left;\">Ci\u0105g\u0142a uwaga na popraw\u0119;<\/li>\n<li style=\"text-align: left;\">Wykorzystanie innowacyjnych i wspieraj\u0105cych upraw\u0119 technik.<\/li>\n<\/ul>\n<p style=\"text-align: left;\">Czy chcia\u0142by\u015b dowiedzie\u0107 si\u0119 wi\u0119cej o naszych specjalizacjach i ekspertyzach? Kliknij poni\u017cszy link.<\/p>\n","protected":false},"excerpt":{"rendered":"<p>Aleje i drzewa ozdobne najwy\u017cszej jako\u015bci. Nie godzimy si\u0119 na mniej w przypadku handlu, sadzenia drzew lub tworzenia plan\u00f3w zieleni. Spe\u0142niamy Pa\u0144stwa \u017cyczenia, stosuj\u0105c unikaln\u0105 formu\u0142\u0119 sukcesu. Wiedza i do\u015bwiadczenie przekazywane z pokolenia na pokolenie tworz\u0105 solidne fundamenty. Po\u0142\u0105czenie z innowacyjnymi technikami gwarantuje wysok\u0105 jako\u015b\u0107. &#8222;Arends Plant sprzedaje swoje drzewa w Holandii i mi\u0119dzynarodowo.&#8221; Ch\u0119tnie [&hellip;]<\/p>\n","protected":false},"author":2,"featured_media":0,"parent":0,"menu_order":0,"comment_status":"closed","ping_status":"closed","template":"index.php","meta":{"_acf_changed":false,"footnotes":""},"class_list":["post-1102","page","type-page","status-publish","hentry"],"acf":[],"_links":{"self":[{"href":"https:\/\/arendsplant.com\/pl\/wp-json\/wp\/v2\/pages\/1102","targetHints":{"allow":["GET"]}}],"collection":[{"href":"https:\/\/arendsplant.com\/pl\/wp-json\/wp\/v2\/pages"}],"about":[{"href":"https:\/\/arendsplant.com\/pl\/wp-json\/wp\/v2\/types\/page"}],"author":[{"embeddable":true,"href":"https:\/\/arendsplant.com\/pl\/wp-json\/wp\/v2\/users\/2"}],"replies":[{"embeddable":true,"href":"https:\/\/arendsplant.com\/pl\/wp-json\/wp\/v2\/comments?post=1102"}],"version-history":[{"count":5,"href":"https:\/\/arendsplant.com\/pl\/wp-json\/wp\/v2\/pages\/1102\/revisions"}],"predecessor-version":[{"id":1270,"href":"https:\/\/arendsplant.com\/pl\/wp-json\/wp\/v2\/pages\/1102\/revisions\/1270"}],"wp:attachment":[{"href":"https:\/\/arendsplant.com\/pl\/wp-json\/wp\/v2\/media?parent=1102"}],"curies":[{"name":"wp","href":"https:\/\/api.w.org\/{rel}","templated":true}]}}