{"id":898,"date":"2017-08-31T16:56:53","date_gmt":"2017-08-31T14:56:53","guid":{"rendered":"https:\/\/arendsplant.com\/?page_id=898"},"modified":"2024-02-26T11:37:34","modified_gmt":"2024-02-26T10:37:34","slug":"over-ons","status":"publish","type":"page","link":"https:\/\/arendsplant.com\/fr\/over-ons\/","title":{"rendered":"\u00c0 propos de nous"},"content":{"rendered":"<p style=\"text-align: left;\">Arends Plant est une p\u00e9pini\u00e8re d&rsquo;arbres d&rsquo;alignement situ\u00e9e dans la Betuwe. La mission de l&rsquo;entreprise est de fournir des arbres de la plus haute qualit\u00e9 avec le meilleur service possible. La satisfaction du client est une priorit\u00e9 importante. Travaillant dur chaque jour avec une mentalit\u00e9 pragmatique, Albert Arends est \u00e0 la t\u00eate de l&rsquo;entreprise apr\u00e8s en avoir repris la direction de son p\u00e8re Jan. Il repr\u00e9sente la cinqui\u00e8me g\u00e9n\u00e9ration de la famille de p\u00e9pini\u00e9ristes.<\/p>\n<h3 style=\"text-align: left;\">Sp\u00e9cialisation<\/h3>\n<p style=\"text-align: left;\">Arends Plant se concentre sur la vente d&rsquo;arbres d&rsquo;alignement qui ont \u00e9t\u00e9 transplant\u00e9s deux ou trois fois. La p\u00e9pini\u00e8re propose une large gamme de diff\u00e9rentes vari\u00e9t\u00e9s cultiv\u00e9es en interne. Les arbres sont vendus dans diff\u00e9rentes tailles et sont particuli\u00e8rement adapt\u00e9s \u00e0 la culture en conteneur ou en pleine terre. Chez Arends Plant, nous comprenons qu&rsquo;il est important d&rsquo;avoir une hauteur de tronc correcte et une formation de couronne appropri\u00e9e. Une attention m\u00e9ticuleuse est accord\u00e9e \u00e0 ces aspects tout au long du processus de culture.<\/p>\n<h3 style=\"text-align: left;\">Comp\u00e9tence<\/h3>\n<p style=\"text-align: left;\">Arends Plant am\u00e9liore les arbres d&rsquo;alignement de diff\u00e9rentes mani\u00e8res, pour 99 % enti\u00e8rement en interne. En multipliant et am\u00e9liorant l&rsquo;arbre de bout en bout, nous sommes assur\u00e9s de fournir la qualit\u00e9 souhait\u00e9e. Gr\u00e2ce \u00e0 des ann\u00e9es de suivi continu, de recherche et d&rsquo;ajustement, nous avons \u00e9labor\u00e9 une formule qui garantit le d\u00e9veloppement optimal d&rsquo;un arbre en bonne sant\u00e9. Les arbres sont am\u00e9lior\u00e9s par des m\u00e9thodes telles que l&rsquo;oculation, le bouturage ou la greffe. Arends Plant propose \u00e9galement des semis dans sa gamme.<\/p>\n<h3 style=\"text-align: left;\">Innovation<\/h3>\n<p style=\"text-align: left;\">Les jeunes plants sont ensuite cultiv\u00e9s dans un syst\u00e8me porteur de pots d&rsquo;air, ce qui favorise le d\u00e9veloppement d&rsquo;un syst\u00e8me racinaire robuste et les nourrit des meilleurs nutriments. Le syst\u00e8me de pots d&rsquo;air est l&rsquo;une des techniques innovantes qui contribuent \u00e0 la production d&rsquo;un produit final bien d\u00e9velopp\u00e9. Une autre forme d&rsquo;innovation appliqu\u00e9e est l&rsquo;utilisation de l&rsquo;irrigation goutte \u00e0 goutte automatique pour les arbres en pleine terre. Ces tuyaux apportent de l&rsquo;eau et des nutriments au bon endroit, favorisant ainsi le d\u00e9veloppement d&rsquo;un syst\u00e8me racinaire fort m\u00eame pour ces arbres.<\/p>\n","protected":false},"excerpt":{"rendered":"<p>Arends Plant est une p\u00e9pini\u00e8re d&rsquo;arbres d&rsquo;alignement situ\u00e9e dans la Betuwe. La mission de l&rsquo;entreprise est de fournir des arbres de la plus haute qualit\u00e9 avec le meilleur service possible. La satisfaction du client est une priorit\u00e9 importante. Travaillant dur chaque jour avec une mentalit\u00e9 pragmatique, Albert Arends est \u00e0 la t\u00eate de l&rsquo;entreprise apr\u00e8s [&hellip;]<\/p>\n","protected":false},"author":2,"featured_media":0,"parent":0,"menu_order":30,"comment_status":"closed","ping_status":"closed","template":"over-ons.php","meta":{"_acf_changed":false,"footnotes":""},"class_list":["post-898","page","type-page","status-publish","hentry"],"acf":[],"_links":{"self":[{"href":"https:\/\/arendsplant.com\/fr\/wp-json\/wp\/v2\/pages\/898","targetHints":{"allow":["GET"]}}],"collection":[{"href":"https:\/\/arendsplant.com\/fr\/wp-json\/wp\/v2\/pages"}],"about":[{"href":"https:\/\/arendsplant.com\/fr\/wp-json\/wp\/v2\/types\/page"}],"author":[{"embeddable":true,"href":"https:\/\/arendsplant.com\/fr\/wp-json\/wp\/v2\/users\/2"}],"replies":[{"embeddable":true,"href":"https:\/\/arendsplant.com\/fr\/wp-json\/wp\/v2\/comments?post=898"}],"version-history":[{"count":6,"href":"https:\/\/arendsplant.com\/fr\/wp-json\/wp\/v2\/pages\/898\/revisions"}],"predecessor-version":[{"id":1250,"href":"https:\/\/arendsplant.com\/fr\/wp-json\/wp\/v2\/pages\/898\/revisions\/1250"}],"wp:attachment":[{"href":"https:\/\/arendsplant.com\/fr\/wp-json\/wp\/v2\/media?parent=898"}],"curies":[{"name":"wp","href":"https:\/\/api.w.org\/{rel}","templated":true}]}}