{"id":896,"date":"2017-08-31T16:43:50","date_gmt":"2017-08-31T14:43:50","guid":{"rendered":"https:\/\/arendsplant.com\/?page_id=896"},"modified":"2024-02-26T11:32:20","modified_gmt":"2024-02-26T10:32:20","slug":"photos-pepiniere","status":"publish","type":"page","link":"https:\/\/arendsplant.com\/fr\/photos-pepiniere\/","title":{"rendered":"Photos de notre p\u00e9pini\u00e8re"},"content":{"rendered":"<p>Nous avons un vaste assortiment d&rsquo;arbres dans notre p\u00e9pini\u00e8re. Vous \u00eates les bienvenus pour les visiter. Voici d\u00e9j\u00e0 un aper\u00e7u pour que vous puissiez vous faire une id\u00e9e.<\/p>\n","protected":false},"excerpt":{"rendered":"<p>Nous avons un vaste assortiment d&rsquo;arbres dans notre p\u00e9pini\u00e8re. Vous \u00eates les bienvenus pour les visiter. Voici d\u00e9j\u00e0 un aper\u00e7u pour que vous puissiez vous faire une id\u00e9e.<\/p>\n","protected":false},"author":2,"featured_media":0,"parent":0,"menu_order":20,"comment_status":"closed","ping_status":"closed","template":"fotos.php","meta":{"_acf_changed":false,"footnotes":""},"class_list":["post-896","page","type-page","status-publish","hentry"],"acf":[],"_links":{"self":[{"href":"https:\/\/arendsplant.com\/fr\/wp-json\/wp\/v2\/pages\/896","targetHints":{"allow":["GET"]}}],"collection":[{"href":"https:\/\/arendsplant.com\/fr\/wp-json\/wp\/v2\/pages"}],"about":[{"href":"https:\/\/arendsplant.com\/fr\/wp-json\/wp\/v2\/types\/page"}],"author":[{"embeddable":true,"href":"https:\/\/arendsplant.com\/fr\/wp-json\/wp\/v2\/users\/2"}],"replies":[{"embeddable":true,"href":"https:\/\/arendsplant.com\/fr\/wp-json\/wp\/v2\/comments?post=896"}],"version-history":[{"count":3,"href":"https:\/\/arendsplant.com\/fr\/wp-json\/wp\/v2\/pages\/896\/revisions"}],"predecessor-version":[{"id":1248,"href":"https:\/\/arendsplant.com\/fr\/wp-json\/wp\/v2\/pages\/896\/revisions\/1248"}],"wp:attachment":[{"href":"https:\/\/arendsplant.com\/fr\/wp-json\/wp\/v2\/media?parent=896"}],"curies":[{"name":"wp","href":"https:\/\/api.w.org\/{rel}","templated":true}]}}