{"id":894,"date":"2017-08-31T15:59:56","date_gmt":"2017-08-31T13:59:56","guid":{"rendered":"https:\/\/arendsplant.com\/?page_id=894"},"modified":"2024-02-26T11:29:46","modified_gmt":"2024-02-26T10:29:46","slug":"assortiment","status":"publish","type":"page","link":"https:\/\/arendsplant.com\/fr\/assortiment\/","title":{"rendered":"Notre assortiment"},"content":{"rendered":"<p style=\"text-align: left;\">Arends Plant propose une large gamme d&rsquo;arbres d&rsquo;alignement de haute qualit\u00e9. Forte de nombreuses ann\u00e9es d&rsquo;exp\u00e9rience dans la culture et l&rsquo;am\u00e9lioration de divers types d&rsquo;arbres, Arends Plant est un partenaire fiable pour d&rsquo;autres p\u00e9pini\u00e9ristes.<\/p>\n<p style=\"text-align: left;\">Nos arbres poussent dans diff\u00e9rentes tailles, entre 6-8 et 16-18, et sont cultiv\u00e9s avec le plus grand soin. Cela se fait \u00e0 travers la culture en pleine terre et en conteneurs, les arbres \u00e9tant replant\u00e9s entre deux et trois fois. Cela favorise une croissance et un d\u00e9veloppement sains, rendant les arbres r\u00e9sistants \u00e0 diff\u00e9rentes conditions m\u00e9t\u00e9orologiques.<\/p>\n<p style=\"text-align: left;\">Chez Arends Plant, nous avons toujours une offre d&rsquo;environ 40 000 arbres. Gr\u00e2ce \u00e0 ce stock important, nous sommes en mesure de fournir aux autres p\u00e9pini\u00e9ristes les meilleurs arbres d&rsquo;alignement pour leurs projets et leurs ventes. Nous proposons diff\u00e9rentes esp\u00e8ces et tailles, de sorte que nos clients puissent toujours trouver les arbres qui correspondent \u00e0 leurs besoins et exigences sp\u00e9cifiques.<\/p>\n","protected":false},"excerpt":{"rendered":"<p>Arends Plant propose une large gamme d&rsquo;arbres d&rsquo;alignement de haute qualit\u00e9. Forte de nombreuses ann\u00e9es d&rsquo;exp\u00e9rience dans la culture et l&rsquo;am\u00e9lioration de divers types d&rsquo;arbres, Arends Plant est un partenaire fiable pour d&rsquo;autres p\u00e9pini\u00e9ristes. Nos arbres poussent dans diff\u00e9rentes tailles, entre 6-8 et 16-18, et sont cultiv\u00e9s avec le plus grand soin. Cela se fait [&hellip;]<\/p>\n","protected":false},"author":2,"featured_media":0,"parent":0,"menu_order":10,"comment_status":"closed","ping_status":"closed","template":"assortiment.php","meta":{"_acf_changed":false,"footnotes":""},"class_list":["post-894","page","type-page","status-publish","hentry"],"acf":[],"_links":{"self":[{"href":"https:\/\/arendsplant.com\/fr\/wp-json\/wp\/v2\/pages\/894","targetHints":{"allow":["GET"]}}],"collection":[{"href":"https:\/\/arendsplant.com\/fr\/wp-json\/wp\/v2\/pages"}],"about":[{"href":"https:\/\/arendsplant.com\/fr\/wp-json\/wp\/v2\/types\/page"}],"author":[{"embeddable":true,"href":"https:\/\/arendsplant.com\/fr\/wp-json\/wp\/v2\/users\/2"}],"replies":[{"embeddable":true,"href":"https:\/\/arendsplant.com\/fr\/wp-json\/wp\/v2\/comments?post=894"}],"version-history":[{"count":8,"href":"https:\/\/arendsplant.com\/fr\/wp-json\/wp\/v2\/pages\/894\/revisions"}],"predecessor-version":[{"id":1247,"href":"https:\/\/arendsplant.com\/fr\/wp-json\/wp\/v2\/pages\/894\/revisions\/1247"}],"wp:attachment":[{"href":"https:\/\/arendsplant.com\/fr\/wp-json\/wp\/v2\/media?parent=894"}],"curies":[{"name":"wp","href":"https:\/\/api.w.org\/{rel}","templated":true}]}}