{"id":892,"date":"2017-08-31T14:36:17","date_gmt":"2017-08-31T12:36:17","guid":{"rendered":"https:\/\/arendsplant.com\/?page_id=892"},"modified":"2024-02-26T14:16:18","modified_gmt":"2024-02-26T13:16:18","slug":"home","status":"publish","type":"page","link":"https:\/\/arendsplant.com\/fr\/","title":{"rendered":"Home"},"content":{"rendered":"<p style=\"text-align: left;\">Avenue et arbres d&rsquo;ornement de la meilleure qualit\u00e9. Vous n&rsquo;acceptez pas moins pour votre commerce, la transplantation d&rsquo;arbres ou la r\u00e9alisation de plans verts. Nous r\u00e9pondons \u00e0 vos souhaits en appliquant une formule de succ\u00e8s unique. Les connaissances et l&rsquo;exp\u00e9rience transmises de g\u00e9n\u00e9ration en g\u00e9n\u00e9ration \u00e9tablissent des bases solides. La combinaison avec des techniques innovantes garantit une qualit\u00e9 sup\u00e9rieure. Arends Plant vend ses arbres aux Pays-Bas et \u00e0 l&rsquo;international.<\/p>\n<p style=\"text-align: left;\">Souhaitez-vous visiter nos p\u00e9pini\u00e8res ? Vous \u00eates les bienvenus.<\/p>\n<h4 style=\"text-align: left;\">La qualit\u00e9 de nos produits est surveill\u00e9e de la mani\u00e8re suivante:<\/h4>\n<ul>\n<li style=\"text-align: left;\">Transfert de connaissances et de comp\u00e9tences aux employ\u00e9s;<\/li>\n<li style=\"text-align: left;\">Attention port\u00e9e au sol et aux nutriments;<\/li>\n<li style=\"text-align: left;\">Nous multiplions nous-m\u00eames 99 % du mat\u00e9riel v\u00e9g\u00e9tal;<\/li>\n<li style=\"text-align: left;\">Ajustement continu lors de la croissance et du d\u00e9veloppement des arbres en fonction de nos normes de qualit\u00e9;<\/li>\n<li style=\"text-align: left;\">Attention continue \u00e0 l&rsquo;am\u00e9lioration;<\/li>\n<li style=\"text-align: left;\">Utilisation de techniques innovantes et de support \u00e0 la culture.<\/li>\n<\/ul>\n<p style=\"text-align: left;\">Voulez-vous en savoir plus sur nos sp\u00e9cialisations et notre expertise ? Cliquez sur le lien ci-dessous.<\/p>\n","protected":false},"excerpt":{"rendered":"<p>Avenue et arbres d&rsquo;ornement de la meilleure qualit\u00e9. Vous n&rsquo;acceptez pas moins pour votre commerce, la transplantation d&rsquo;arbres ou la r\u00e9alisation de plans verts. Nous r\u00e9pondons \u00e0 vos souhaits en appliquant une formule de succ\u00e8s unique. Les connaissances et l&rsquo;exp\u00e9rience transmises de g\u00e9n\u00e9ration en g\u00e9n\u00e9ration \u00e9tablissent des bases solides. La combinaison avec des techniques innovantes [&hellip;]<\/p>\n","protected":false},"author":2,"featured_media":0,"parent":0,"menu_order":0,"comment_status":"closed","ping_status":"closed","template":"index.php","meta":{"_acf_changed":false,"footnotes":""},"class_list":["post-892","page","type-page","status-publish","hentry"],"acf":[],"_links":{"self":[{"href":"https:\/\/arendsplant.com\/fr\/wp-json\/wp\/v2\/pages\/892","targetHints":{"allow":["GET"]}}],"collection":[{"href":"https:\/\/arendsplant.com\/fr\/wp-json\/wp\/v2\/pages"}],"about":[{"href":"https:\/\/arendsplant.com\/fr\/wp-json\/wp\/v2\/types\/page"}],"author":[{"embeddable":true,"href":"https:\/\/arendsplant.com\/fr\/wp-json\/wp\/v2\/users\/2"}],"replies":[{"embeddable":true,"href":"https:\/\/arendsplant.com\/fr\/wp-json\/wp\/v2\/comments?post=892"}],"version-history":[{"count":14,"href":"https:\/\/arendsplant.com\/fr\/wp-json\/wp\/v2\/pages\/892\/revisions"}],"predecessor-version":[{"id":1273,"href":"https:\/\/arendsplant.com\/fr\/wp-json\/wp\/v2\/pages\/892\/revisions\/1273"}],"wp:attachment":[{"href":"https:\/\/arendsplant.com\/fr\/wp-json\/wp\/v2\/media?parent=892"}],"curies":[{"name":"wp","href":"https:\/\/api.w.org\/{rel}","templated":true}]}}