{"id":137,"date":"2017-08-31T16:56:53","date_gmt":"2017-08-31T14:56:53","guid":{"rendered":"http:\/\/localhost\/wordpress\/over-ons-2\/"},"modified":"2024-02-26T12:06:45","modified_gmt":"2024-02-26T11:06:45","slug":"over-ons","status":"publish","type":"page","link":"https:\/\/arendsplant.com\/de\/over-ons\/","title":{"rendered":"\u00dcber uns"},"content":{"rendered":"<p style=\"text-align: left;\">Arends Plant ist eine Allee-Baumschule in der Betuwe. Die Mission des Unternehmens ist es, B\u00e4ume von h\u00f6chster Qualit\u00e4t mit dem besten Service zu liefern. Die Kundenzufriedenheit steht dabei im Mittelpunkt. Mit einer pragmatischen Mentalit\u00e4t wird jeden Tag hart gearbeitet. Albert Arends leitet das Unternehmen, nachdem er es von seinem Vater Jan \u00fcbernommen hat. Er repr\u00e4sentiert die f\u00fcnfte Generation der Baumschulerfamilie.<\/p>\n<h3 style=\"text-align: left;\">Specialisatie<\/h3>\n<p style=\"text-align: left;\">Arends Plant konzentriert sich auf den Verkauf von Allee-B\u00e4umen, die zwei oder drei Mal umgepflanzt wurden. Die Baumschule bietet eine Vielzahl von verschiedenen Sorten, die intern vermehrt werden. Die B\u00e4ume werden in verschiedenen Gr\u00f6\u00dfen angeboten und eignen sich besonders gut f\u00fcr den weiteren Anbau im Container oder direkt im Freiland. Bei Arends Plant verstehen wir, wie wichtig es ist, die richtige Stammh\u00f6he und Kronenbildung zu haben. Im Zuchtprozess wird darauf sorgf\u00e4ltig geachtet.<\/p>\n<h3 style=\"text-align: left;\">Expertise<\/h3>\n<p style=\"text-align: left;\">Arends Plant veredelt Allee-B\u00e4ume auf verschiedene Weisen zu 99% selbst. Durch die vollst\u00e4ndige Eigenvermehrung, Veredelung und Aufzucht des Baumes von Anfang an sind wir sicher, dass wir die richtige Qualit\u00e4t liefern k\u00f6nnen. Dank jahrelanger kontinuierlicher \u00dcberwachung, Forschung und Anpassung haben wir die Formel gefunden, die f\u00fcr einen optimal gesunden Baumwuchs sorgt. Die B\u00e4ume werden beispielsweise durch Okulation, Stecklinge oder Veredelung veredelt. Arends Plant hat auch S\u00e4mlinge im Sortiment.<\/p>\n<h3 style=\"text-align: left;\">Innovatie<\/h3>\n<p style=\"text-align: left;\">Die jungen Pflanzen werden dann in einem Airpot-gest\u00fctzten System weiter kultiviert, wodurch sie ein sch\u00f6nes Wurzelsystem entwickeln und mit den besten N\u00e4hrstoffen versorgt werden. Das Airpotsystem ist eine der innovativen Techniken, die zu einem gut entwickelten Endprodukt beitragen. Eine andere Form der Innovation, die angewendet wird, ist der Einsatz von automatischer Tr\u00f6pfchenbew\u00e4sserung bei B\u00e4umen im Freiland. Diese Schl\u00e4uche versorgen Wasser und N\u00e4hrstoffe am richtigen Ort, wodurch auch bei diesen B\u00e4umen ein kr\u00e4ftiges Wurzelsystem entsteht.<\/p>\n","protected":false},"excerpt":{"rendered":"<p>Arends Plant ist eine Allee-Baumschule in der Betuwe. Die Mission des Unternehmens ist es, B\u00e4ume von h\u00f6chster Qualit\u00e4t mit dem besten Service zu liefern. Die Kundenzufriedenheit steht dabei im Mittelpunkt. Mit einer pragmatischen Mentalit\u00e4t wird jeden Tag hart gearbeitet. Albert Arends leitet das Unternehmen, nachdem er es von seinem Vater Jan \u00fcbernommen hat. Er repr\u00e4sentiert [&hellip;]<\/p>\n","protected":false},"author":2,"featured_media":0,"parent":0,"menu_order":30,"comment_status":"closed","ping_status":"closed","template":"over-ons.php","meta":{"_acf_changed":false,"footnotes":""},"class_list":["post-137","page","type-page","status-publish","hentry"],"acf":[],"_links":{"self":[{"href":"https:\/\/arendsplant.com\/de\/wp-json\/wp\/v2\/pages\/137","targetHints":{"allow":["GET"]}}],"collection":[{"href":"https:\/\/arendsplant.com\/de\/wp-json\/wp\/v2\/pages"}],"about":[{"href":"https:\/\/arendsplant.com\/de\/wp-json\/wp\/v2\/types\/page"}],"author":[{"embeddable":true,"href":"https:\/\/arendsplant.com\/de\/wp-json\/wp\/v2\/users\/2"}],"replies":[{"embeddable":true,"href":"https:\/\/arendsplant.com\/de\/wp-json\/wp\/v2\/comments?post=137"}],"version-history":[{"count":8,"href":"https:\/\/arendsplant.com\/de\/wp-json\/wp\/v2\/pages\/137\/revisions"}],"predecessor-version":[{"id":1259,"href":"https:\/\/arendsplant.com\/de\/wp-json\/wp\/v2\/pages\/137\/revisions\/1259"}],"wp:attachment":[{"href":"https:\/\/arendsplant.com\/de\/wp-json\/wp\/v2\/media?parent=137"}],"curies":[{"name":"wp","href":"https:\/\/api.w.org\/{rel}","templated":true}]}}