{"id":135,"date":"2017-08-31T15:59:56","date_gmt":"2017-08-31T13:59:56","guid":{"rendered":"http:\/\/localhost\/wordpress\/assortiment-2\/"},"modified":"2024-02-26T11:50:17","modified_gmt":"2024-02-26T10:50:17","slug":"sortiment","status":"publish","type":"page","link":"https:\/\/arendsplant.com\/de\/sortiment\/","title":{"rendered":"Sortiment"},"content":{"rendered":"<p style=\"text-align: left;\">Arends Plant bietet ein umfangreiches Sortiment an hochwertigen Allee-B\u00e4umen an. Mit langj\u00e4hriger Erfahrung im Anbau von Allee-B\u00e4umen und der Z\u00fcchtung verschiedener Sorten ist Arends Plant ein verl\u00e4sslicher Partner f\u00fcr andere Baumschulen.<\/p>\n<p style=\"text-align: left;\">Unsere B\u00e4ume wachsen in verschiedenen Gr\u00f6\u00dfen zwischen 6-8 und 16-18 und werden mit gr\u00f6\u00dfter Sorgfalt gez\u00fcchtet. Dies erfolgt durch Freilandanbau und Containeranbau, wobei die B\u00e4ume zwischen zwei und drei Mal umgepflanzt werden. Auf diese Weise wird ein gesundes Wachstum und Entwicklung gef\u00f6rdert, und die B\u00e4ume werden widerstandsf\u00e4hig gegen verschiedene Witterungsbedingungen.<\/p>\n<p style=\"text-align: left;\">Bei Arends Plant haben wir jederzeit ein Angebot von bis zu 40.000 B\u00e4umen. Dank dieses umfangreichen Lagerbestands sind wir in der Lage, andere Baumschulen mit den besten Allee-B\u00e4umen f\u00fcr ihre Projekte und den Verkauf zu versorgen. Wir bieten eine Vielzahl von Arten und Gr\u00f6\u00dfen an, damit unsere Kunden immer die richtigen B\u00e4ume finden k\u00f6nnen, die ihren spezifischen W\u00fcnschen und Anforderungen entsprechen.<\/p>\n","protected":false},"excerpt":{"rendered":"<p>Arends Plant bietet ein umfangreiches Sortiment an hochwertigen Allee-B\u00e4umen an. Mit langj\u00e4hriger Erfahrung im Anbau von Allee-B\u00e4umen und der Z\u00fcchtung verschiedener Sorten ist Arends Plant ein verl\u00e4sslicher Partner f\u00fcr andere Baumschulen. Unsere B\u00e4ume wachsen in verschiedenen Gr\u00f6\u00dfen zwischen 6-8 und 16-18 und werden mit gr\u00f6\u00dfter Sorgfalt gez\u00fcchtet. Dies erfolgt durch Freilandanbau und Containeranbau, wobei die [&hellip;]<\/p>\n","protected":false},"author":2,"featured_media":0,"parent":0,"menu_order":10,"comment_status":"closed","ping_status":"closed","template":"assortiment.php","meta":{"_acf_changed":false,"footnotes":""},"class_list":["post-135","page","type-page","status-publish","hentry"],"acf":[],"_links":{"self":[{"href":"https:\/\/arendsplant.com\/de\/wp-json\/wp\/v2\/pages\/135","targetHints":{"allow":["GET"]}}],"collection":[{"href":"https:\/\/arendsplant.com\/de\/wp-json\/wp\/v2\/pages"}],"about":[{"href":"https:\/\/arendsplant.com\/de\/wp-json\/wp\/v2\/types\/page"}],"author":[{"embeddable":true,"href":"https:\/\/arendsplant.com\/de\/wp-json\/wp\/v2\/users\/2"}],"replies":[{"embeddable":true,"href":"https:\/\/arendsplant.com\/de\/wp-json\/wp\/v2\/comments?post=135"}],"version-history":[{"count":24,"href":"https:\/\/arendsplant.com\/de\/wp-json\/wp\/v2\/pages\/135\/revisions"}],"predecessor-version":[{"id":1256,"href":"https:\/\/arendsplant.com\/de\/wp-json\/wp\/v2\/pages\/135\/revisions\/1256"}],"wp:attachment":[{"href":"https:\/\/arendsplant.com\/de\/wp-json\/wp\/v2\/media?parent=135"}],"curies":[{"name":"wp","href":"https:\/\/api.w.org\/{rel}","templated":true}]}}