{"id":132,"date":"2017-08-31T14:36:17","date_gmt":"2017-08-31T12:36:17","guid":{"rendered":"http:\/\/localhost\/wordpress\/home-3\/"},"modified":"2024-02-26T14:18:18","modified_gmt":"2024-02-26T13:18:18","slug":"home","status":"publish","type":"page","link":"https:\/\/arendsplant.com\/de\/","title":{"rendered":"Home"},"content":{"rendered":"<p style=\"text-align: left;\">Allee- und Zierb\u00e4ume von h\u00f6chster Qualit\u00e4t. F\u00fcr Ihr Gesch\u00e4ft, die Baumpflanzung oder die Gestaltung von Gr\u00fcnpl\u00e4nen nehmen Sie nichts weniger. Wir erf\u00fcllen Ihren Wunsch durch Anwendung einer einzigartigen Erfolgsformel. Das \u00fcber Generationen weitergegebene Wissen und die Erfahrung bilden ein solides Fundament. Die Kombination mit innovativen Techniken gew\u00e4hrleistet eine erstklassige Qualit\u00e4t. Arends Plant verkauft seine B\u00e4ume in den Niederlanden und international.<\/p>\n<p style=\"text-align: left;\">M\u00f6chten Sie unsere Baumschulen besichtigen? Sie sind herzlich willkommen.<\/p>\n<h4 style=\"text-align: left;\">Unsere Qualit\u00e4t wird auf folgende Weise sichergestellt:<\/h4>\n<ul>\n<li style=\"text-align: left;\">Weitergabe von Wissen und F\u00e4higkeiten an Mitarbeiter;<\/li>\n<li style=\"text-align: left;\">Aufmerksamkeit f\u00fcr Boden und N\u00e4hrstoffe;<\/li>\n<li style=\"text-align: left;\">99% des Pflanzenmaterials vermehren wir selbst;<\/li>\n<li style=\"text-align: left;\">Fortlaufende Anpassung w\u00e4hrend des Wachstums und der Entwicklung der B\u00e4ume gem\u00e4\u00df unseren Qualit\u00e4tsstandards;<\/li>\n<li style=\"text-align: left;\">Fortw\u00e4hrende Aufmerksamkeit f\u00fcr Verbesserungen;<\/li>\n<li style=\"text-align: left;\">Einsatz innovativer und kulturf\u00f6rdernder Techniken.<\/li>\n<\/ul>\n<p style=\"text-align: left;\">M\u00f6chten Sie mehr \u00fcber unsere Spezialisierungen und Fachkenntnisse erfahren? Klicken Sie auf den unten stehenden Link.<\/p>\n","protected":false},"excerpt":{"rendered":"<p>Allee- und Zierb\u00e4ume von h\u00f6chster Qualit\u00e4t. F\u00fcr Ihr Gesch\u00e4ft, die Baumpflanzung oder die Gestaltung von Gr\u00fcnpl\u00e4nen nehmen Sie nichts weniger. Wir erf\u00fcllen Ihren Wunsch durch Anwendung einer einzigartigen Erfolgsformel. Das \u00fcber Generationen weitergegebene Wissen und die Erfahrung bilden ein solides Fundament. Die Kombination mit innovativen Techniken gew\u00e4hrleistet eine erstklassige Qualit\u00e4t. Arends Plant verkauft seine B\u00e4ume [&hellip;]<\/p>\n","protected":false},"author":2,"featured_media":0,"parent":0,"menu_order":0,"comment_status":"closed","ping_status":"closed","template":"index.php","meta":{"_acf_changed":false,"footnotes":""},"class_list":["post-132","page","type-page","status-publish","hentry"],"acf":[],"_links":{"self":[{"href":"https:\/\/arendsplant.com\/de\/wp-json\/wp\/v2\/pages\/132","targetHints":{"allow":["GET"]}}],"collection":[{"href":"https:\/\/arendsplant.com\/de\/wp-json\/wp\/v2\/pages"}],"about":[{"href":"https:\/\/arendsplant.com\/de\/wp-json\/wp\/v2\/types\/page"}],"author":[{"embeddable":true,"href":"https:\/\/arendsplant.com\/de\/wp-json\/wp\/v2\/users\/2"}],"replies":[{"embeddable":true,"href":"https:\/\/arendsplant.com\/de\/wp-json\/wp\/v2\/comments?post=132"}],"version-history":[{"count":22,"href":"https:\/\/arendsplant.com\/de\/wp-json\/wp\/v2\/pages\/132\/revisions"}],"predecessor-version":[{"id":1274,"href":"https:\/\/arendsplant.com\/de\/wp-json\/wp\/v2\/pages\/132\/revisions\/1274"}],"wp:attachment":[{"href":"https:\/\/arendsplant.com\/de\/wp-json\/wp\/v2\/media?parent=132"}],"curies":[{"name":"wp","href":"https:\/\/api.w.org\/{rel}","templated":true}]}}