{"id":755,"date":"2017-08-31T15:59:56","date_gmt":"2017-08-31T13:59:56","guid":{"rendered":"https:\/\/arendsplant.com\/assortiment\/"},"modified":"2023-06-20T20:21:14","modified_gmt":"2023-06-20T18:21:14","slug":"assortiment","status":"publish","type":"page","link":"https:\/\/arendsplant.com\/da\/assortiment\/","title":{"rendered":"Sortiment"},"content":{"rendered":"<p style=\"text-align: left;\">Arends Plant tilbyder et bredt udvalg af h\u00f8j kvalitet laurb\u00e6rtr\u00e6er. Med \u00e5rs erfaring inden for dyrkning af laurb\u00e6rtr\u00e6er og for\u00e6dling af forskellige sorter, er Arends Plant en p\u00e5lidelig partner for andre planteskoler.<\/p>\n<p style=\"text-align: left;\">Vores tr\u00e6er vokser i forskellige st\u00f8rrelser mellem 6-8 og 16-18 og dyrkes med st\u00f8rst mulig omhu. Dette sker gennem jorddyrkning og containerdyrkning, hvor tr\u00e6erne transplanteres mellem to og tre gange. Dette fremmer sund v\u00e6kst og udvikling samt g\u00f8r tr\u00e6erne modstandsdygtige over for forskellige vejrforhold.<\/p>\n<p style=\"text-align: left;\">Arends Plant har altid et sortiment p\u00e5 op til 40.000 tr\u00e6er til r\u00e5dighed. Med denne store lagerbeholdning er vi i stand til at forsyne andre planteskoler med de bedste laurb\u00e6rtr\u00e6er til deres projekter og salg. Vi tilbyder forskellige sorter og st\u00f8rrelser, s\u00e5 vores kunder altid kan finde de rette tr\u00e6er, der passer til deres specifikke \u00f8nsker og krav.<\/p>\n<p style=\"text-align: left;\">Som en p\u00e5lidelig partner for andre planteskoler prioriterer Arends Plant fremragende service og kvalitet. Du kan altid stole p\u00e5, at du f\u00e5r de bedste laurb\u00e6rtr\u00e6er til din virksomhed og projekter hos os.<\/p>\n","protected":false},"excerpt":{"rendered":"<p>Arends Plant tilbyder et bredt udvalg af h\u00f8j kvalitet laurb\u00e6rtr\u00e6er. Med \u00e5rs erfaring inden for dyrkning af laurb\u00e6rtr\u00e6er og for\u00e6dling af forskellige sorter, er Arends Plant en p\u00e5lidelig partner for andre planteskoler. Vores tr\u00e6er vokser i forskellige st\u00f8rrelser mellem 6-8 og 16-18 og dyrkes med st\u00f8rst mulig omhu. Dette sker gennem jorddyrkning og containerdyrkning, hvor [&hellip;]<\/p>\n","protected":false},"author":2,"featured_media":0,"parent":0,"menu_order":10,"comment_status":"closed","ping_status":"closed","template":"assortiment.php","meta":{"_acf_changed":false,"footnotes":""},"class_list":["post-755","page","type-page","status-publish","hentry"],"acf":[],"_links":{"self":[{"href":"https:\/\/arendsplant.com\/da\/wp-json\/wp\/v2\/pages\/755","targetHints":{"allow":["GET"]}}],"collection":[{"href":"https:\/\/arendsplant.com\/da\/wp-json\/wp\/v2\/pages"}],"about":[{"href":"https:\/\/arendsplant.com\/da\/wp-json\/wp\/v2\/types\/page"}],"author":[{"embeddable":true,"href":"https:\/\/arendsplant.com\/da\/wp-json\/wp\/v2\/users\/2"}],"replies":[{"embeddable":true,"href":"https:\/\/arendsplant.com\/da\/wp-json\/wp\/v2\/comments?post=755"}],"version-history":[{"count":9,"href":"https:\/\/arendsplant.com\/da\/wp-json\/wp\/v2\/pages\/755\/revisions"}],"predecessor-version":[{"id":926,"href":"https:\/\/arendsplant.com\/da\/wp-json\/wp\/v2\/pages\/755\/revisions\/926"}],"wp:attachment":[{"href":"https:\/\/arendsplant.com\/da\/wp-json\/wp\/v2\/media?parent=755"}],"curies":[{"name":"wp","href":"https:\/\/api.w.org\/{rel}","templated":true}]}}