{"id":754,"date":"2017-08-31T16:56:53","date_gmt":"2017-08-31T14:56:53","guid":{"rendered":"https:\/\/arendsplant.com\/over-ons\/"},"modified":"2024-02-23T16:00:45","modified_gmt":"2024-02-23T15:00:45","slug":"over-ons","status":"publish","type":"page","link":"https:\/\/arendsplant.com\/da\/over-ons\/","title":{"rendered":"Om Arends Plant"},"content":{"rendered":"<p style=\"text-align: left;\">Arends Plant is en all\u00e9tr\u00e6planteskole beliggende i Betuwe. Virksomhedens mission er at levere tr\u00e6er af h\u00f8jeste kvalitet med den bedste service. Kundetilfredshed prioriteres h\u00f8jt. Fra en no-nonsense mentalitet arbejdes der h\u00e5rdt hver dag. Albert Arends leder virksomheden, efter at han har overtaget den fra sin far Jan. Han repr\u00e6senterer den femte generation af planteskolefamilien.<\/p>\n<h3 style=\"text-align: left;\">Specialisering<\/h3>\n<p style=\"text-align: left;\">Arends Plant fokuserer p\u00e5 salg af all\u00e9tr\u00e6er, der er blevet omplantet to eller tre gange. Planteskolen har et bredt udvalg af forskellige sorter, der bliver for\u00f8get internt. Tr\u00e6erne s\u00e6lges i forskellige st\u00f8rrelser og er s\u00e6rligt velegnede til yderligere dyrkning i containere eller direkte i jorden. Hos Arends Plant forst\u00e5r vi vigtigheden af at have den rette stamme h\u00f8jde og korrekt kroneform. Der l\u00e6gges omhyggelig opm\u00e6rksomhed p\u00e5 dette i avlsprocessen.<\/p>\n<h3 style=\"text-align: left;\">Ekspertise<\/h3>\n<p style=\"text-align: left;\">Arends Plant for\u00e6dler all\u00e9tr\u00e6er p\u00e5 forskellige m\u00e5der, n\u00e6sten fuldst\u00e6ndigt selv, hele 99%. Ved at for\u00f8ge og for\u00e6dle tr\u00e6et helt fra begyndelsen og dyrke det selv, er vi sikre p\u00e5 at kunne levere den rette kvalitet. Gennem \u00e5rs vedvarende overv\u00e5gning, forskning og justering har vi fundet frem til den formel, der sikrer en optimalt sundt udviklet tr\u00e6. Tr\u00e6erne for\u00e6dles ved hj\u00e6lp af metoder som okulation, stiklinger eller podning. Arends Plant har ogs\u00e5 fr\u00f8planter i sortimentet.<\/p>\n<h3>Innovation<\/h3>\n<p style=\"text-align: left;\">De unge planter dyrkes derefter videre i et system b\u00e5ret af airpot, hvilket giver dem et smukt rodnet og forsynes med de bedste n\u00e6ringsstoffer. Airpotsystemet er en af de innovative teknikker, der bidrager til et smukt udviklet endelig produkt. En anden form for innovation, der anvendes, er brugen af automatisk drypvanding til tr\u00e6er i \u00e5ben jord. Disse slanger tilf\u00f8rer vand og n\u00e6ringsstoffer p\u00e5 det rigtige sted, hvilket ogs\u00e5 resulterer i et st\u00e6rkt rodnet hos disse tr\u00e6er.<\/p>\n","protected":false},"excerpt":{"rendered":"<p>Arends Plant is en all\u00e9tr\u00e6planteskole beliggende i Betuwe. Virksomhedens mission er at levere tr\u00e6er af h\u00f8jeste kvalitet med den bedste service. Kundetilfredshed prioriteres h\u00f8jt. Fra en no-nonsense mentalitet arbejdes der h\u00e5rdt hver dag. Albert Arends leder virksomheden, efter at han har overtaget den fra sin far Jan. Han repr\u00e6senterer den femte generation af planteskolefamilien. Specialisering [&hellip;]<\/p>\n","protected":false},"author":2,"featured_media":0,"parent":0,"menu_order":30,"comment_status":"closed","ping_status":"closed","template":"over-ons.php","meta":{"_acf_changed":false,"footnotes":""},"class_list":["post-754","page","type-page","status-publish","hentry"],"acf":[],"_links":{"self":[{"href":"https:\/\/arendsplant.com\/da\/wp-json\/wp\/v2\/pages\/754","targetHints":{"allow":["GET"]}}],"collection":[{"href":"https:\/\/arendsplant.com\/da\/wp-json\/wp\/v2\/pages"}],"about":[{"href":"https:\/\/arendsplant.com\/da\/wp-json\/wp\/v2\/types\/page"}],"author":[{"embeddable":true,"href":"https:\/\/arendsplant.com\/da\/wp-json\/wp\/v2\/users\/2"}],"replies":[{"embeddable":true,"href":"https:\/\/arendsplant.com\/da\/wp-json\/wp\/v2\/comments?post=754"}],"version-history":[{"count":6,"href":"https:\/\/arendsplant.com\/da\/wp-json\/wp\/v2\/pages\/754\/revisions"}],"predecessor-version":[{"id":1217,"href":"https:\/\/arendsplant.com\/da\/wp-json\/wp\/v2\/pages\/754\/revisions\/1217"}],"wp:attachment":[{"href":"https:\/\/arendsplant.com\/da\/wp-json\/wp\/v2\/media?parent=754"}],"curies":[{"name":"wp","href":"https:\/\/api.w.org\/{rel}","templated":true}]}}