{"id":752,"date":"2017-08-31T14:36:17","date_gmt":"2017-08-31T12:36:17","guid":{"rendered":"https:\/\/arendsplant.com\/home\/"},"modified":"2024-02-26T14:14:57","modified_gmt":"2024-02-26T13:14:57","slug":"home","status":"publish","type":"page","link":"https:\/\/arendsplant.com\/da\/","title":{"rendered":"Home"},"content":{"rendered":"<p style=\"text-align: left;\">L\u00e5nge og prydtr\u00e6er af bedste kvalitet. Du g\u00e5r ikke p\u00e5 kompromis med mindre, n\u00e5r det g\u00e6lder din forretning, tr\u00e6plantning eller anl\u00e6g af gr\u00f8nne omr\u00e5der. Vi opfylder dine \u00f8nsker ved at anvende en unik succesformel. Den viden og erfaring, der er blevet overleveret fra generation til generation, udg\u00f8r et solidt fundament. Kombinationen med innovative teknikker sikrer en h\u00f8j kvalitet. &#8220;Arends Plant s\u00e6lger sine tr\u00e6er i Holland og internationalt.&#8221;<\/p>\n<p style=\"text-align: left;\">\u00d8nsker du at bes\u00f8ge vores planteskoler? Du er meget velkommen.<\/p>\n<h4 style=\"text-align: left;\">Vores kvalitet bevares p\u00e5 f\u00f8lgende m\u00e5de:<\/h4>\n<p style=\"text-align: left;\">Her er overs\u00e6ttelsen til dansk:<\/p>\n<ul>\n<li style=\"text-align: left;\">Overf\u00f8rsel af viden og f\u00e6rdigheder til medarbejdere;<\/li>\n<li style=\"text-align: left;\">Fokus p\u00e5 jord og n\u00e6ringsstoffer;<\/li>\n<li style=\"text-align: left;\">99% af plantematerialet avler vi selv;<\/li>\n<li style=\"text-align: left;\">Konstant justering i v\u00e6kst og udvikling af tr\u00e6erne i overensstemmelse med vores kvalitetsstandarder;<\/li>\n<li style=\"text-align: left;\">Konstant opm\u00e6rksomhed p\u00e5 forbedringer;<\/li>\n<li style=\"text-align: left;\">Anvendelse af innovative og dyrkningsunderst\u00f8ttende teknikker.<\/li>\n<\/ul>\n<p style=\"text-align: left;\">Vil du vide mere om vores specialer og ekspertise? Klik p\u00e5 linket nedenfor.<\/p>\n","protected":false},"excerpt":{"rendered":"<p>L\u00e5nge og prydtr\u00e6er af bedste kvalitet. Du g\u00e5r ikke p\u00e5 kompromis med mindre, n\u00e5r det g\u00e6lder din forretning, tr\u00e6plantning eller anl\u00e6g af gr\u00f8nne omr\u00e5der. Vi opfylder dine \u00f8nsker ved at anvende en unik succesformel. Den viden og erfaring, der er blevet overleveret fra generation til generation, udg\u00f8r et solidt fundament. Kombinationen med innovative teknikker sikrer [&hellip;]<\/p>\n","protected":false},"author":2,"featured_media":0,"parent":0,"menu_order":0,"comment_status":"closed","ping_status":"closed","template":"index.php","meta":{"_acf_changed":false,"footnotes":""},"class_list":["post-752","page","type-page","status-publish","hentry"],"acf":[],"_links":{"self":[{"href":"https:\/\/arendsplant.com\/da\/wp-json\/wp\/v2\/pages\/752","targetHints":{"allow":["GET"]}}],"collection":[{"href":"https:\/\/arendsplant.com\/da\/wp-json\/wp\/v2\/pages"}],"about":[{"href":"https:\/\/arendsplant.com\/da\/wp-json\/wp\/v2\/types\/page"}],"author":[{"embeddable":true,"href":"https:\/\/arendsplant.com\/da\/wp-json\/wp\/v2\/users\/2"}],"replies":[{"embeddable":true,"href":"https:\/\/arendsplant.com\/da\/wp-json\/wp\/v2\/comments?post=752"}],"version-history":[{"count":16,"href":"https:\/\/arendsplant.com\/da\/wp-json\/wp\/v2\/pages\/752\/revisions"}],"predecessor-version":[{"id":1271,"href":"https:\/\/arendsplant.com\/da\/wp-json\/wp\/v2\/pages\/752\/revisions\/1271"}],"wp:attachment":[{"href":"https:\/\/arendsplant.com\/da\/wp-json\/wp\/v2\/media?parent=752"}],"curies":[{"name":"wp","href":"https:\/\/api.w.org\/{rel}","templated":true}]}}